{"id":14030,"date":"2022-06-05T09:40:45","date_gmt":"2022-06-05T09:40:45","guid":{"rendered":"https:\/\/kevs-solutions.com\/?post_type=product&#038;p=14030"},"modified":"2024-05-11T18:27:45","modified_gmt":"2024-05-11T18:27:45","slug":"cabezales-de-mandrinar-estilo-cb","status":"publish","type":"product","link":"https:\/\/kevs-solutions.com\/es\/producto\/cabezales-de-mandrinar-estilo-cb\/","title":{"rendered":"Cabezales de mandrinar estilo CB"},"content":{"rendered":"<p><span style=\"font-weight: 400;\">Los cabezales de mandrinar estilo CB ofrecen la mayor gama de di\u00e1metros de todos nuestros cabezales de mandrinar Criterion. Esta es la mejor elecci\u00f3n cuando tiene una variedad de tama\u00f1o de di\u00e1metros internos que producir. El estilo CB se ha dise\u00f1ado para utilizar en m\u00e1quinas manuales o de control num\u00e9rico. Se ofrece en ajuste est\u00e1ndar o microajuste para satisfacer las necesidades de tolerancia.<\/span><\/p>\n<p><b>Rango de di\u00e1metro del orificio central<\/b><\/p>\n<p><span style=\"font-weight: 400;\">0.050&#8243; &#8211; 3.250&#8243; (3.00mm &#8211; 73.00mm)<\/span><\/p>\n<p><b>Rango de di\u00e1metro del orificio exterior<\/b><\/p>\n<p><span style=\"font-weight: 400;\">1.00&#8243; &#8211; 5.125&#8243; (25.00mm &#8211; 130.00mm)<\/span><\/p>\n<p><b>Rango de di\u00e1metro del agujero cruzado<\/b><span style=\"font-weight: 400;\">:<\/span><\/p>\n<p><span style=\"font-weight: 400;\">2.875&#8243; &#8211; 21.500&#8243; (73.00mm &#8211; 341.00mm)<\/span><\/p>","protected":false},"excerpt":{"rendered":"<p><span style=\"font-weight: 400;\">Los cabezales de mandrinar estilo CB ofrecen la mayor gama de di\u00e1metros de todos nuestros cabezales de mandrinar Criterion. Esta es la mejor elecci\u00f3n cuando tiene una variedad de tama\u00f1o de di\u00e1metros internos que producir. El estilo CB se ha dise\u00f1ado para utilizar en m\u00e1quinas manuales o de control num\u00e9rico. Se ofrece en ajuste est\u00e1ndar o microajuste para satisfacer las necesidades de tolerancia.<\/span><\/p>","protected":false},"featured_media":14031,"comment_status":"open","ping_status":"closed","template":"","meta":[],"product_cat":[58],"product_tag":[56],"_links":{"self":[{"href":"https:\/\/kevs-solutions.com\/es\/wp-json\/wp\/v2\/product\/14030"}],"collection":[{"href":"https:\/\/kevs-solutions.com\/es\/wp-json\/wp\/v2\/product"}],"about":[{"href":"https:\/\/kevs-solutions.com\/es\/wp-json\/wp\/v2\/types\/product"}],"replies":[{"embeddable":true,"href":"https:\/\/kevs-solutions.com\/es\/wp-json\/wp\/v2\/comments?post=14030"}],"wp:featuredmedia":[{"embeddable":true,"href":"https:\/\/kevs-solutions.com\/es\/wp-json\/wp\/v2\/media\/14031"}],"wp:attachment":[{"href":"https:\/\/kevs-solutions.com\/es\/wp-json\/wp\/v2\/media?parent=14030"}],"wp:term":[{"taxonomy":"product_cat","embeddable":true,"href":"https:\/\/kevs-solutions.com\/es\/wp-json\/wp\/v2\/product_cat?post=14030"},{"taxonomy":"product_tag","embeddable":true,"href":"https:\/\/kevs-solutions.com\/es\/wp-json\/wp\/v2\/product_tag?post=14030"}],"curies":[{"name":"wp","href":"https:\/\/api.w.org\/{rel}","templated":true}]}}